{"id":49,"date":"2022-03-17T10:58:19","date_gmt":"2022-03-17T09:58:19","guid":{"rendered":"https:\/\/www.btssiomacon.org\/wordpress\/?page_id=49"},"modified":"2024-04-12T19:02:53","modified_gmt":"2024-04-12T17:02:53","slug":"slam","status":"publish","type":"page","link":"https:\/\/demo.btssiomacon.org\/wordpress\/slam\/","title":{"rendered":"SLAM"},"content":{"rendered":"\n<p><strong><mark style=\"background-color:rgba(0, 0, 0, 0)\" class=\"has-inline-color has-accent-color\">Solutions Logicielles et Applications M\u00e9tiers<\/mark><\/strong><\/p>\n\n\n\n<p>D\u00e9veloppement de programmes et de sites web<br>Conception de solutions logicielles et applicatives<br>D\u00e9veloppement et programmation<br>Ev\u00e9nementiel et Objet : C# Microsoft Visual Studio<br>Web : Html, Css, PHP, Laravel, Bootstrap, JavaScript, \u2026<br>Mobile : Java Android Studio<br>Algorithmique : Python<br>Gestion de bases de donn\u00e9es : Sql, SqlServer, MySql, Access<br>CMS : WordPress, Prestashop, \u2026<\/p>\n\n\n\n<div class=\"wp-block-columns is-layout-flex wp-container-core-columns-is-layout-9d6595d7 wp-block-columns-is-layout-flex\">\n<div class=\"wp-block-column is-layout-flow wp-block-column-is-layout-flow\">\n<figure class=\"wp-block-image size-large\"><img decoding=\"async\" src=\"https:\/\/demo.btssiomacon.org\/wordpress\/wp-content\/uploads\/2022\/03\/csharpNet.jpg\" alt=\"\"\/><\/figure>\n<\/div>\n\n\n\n<div class=\"wp-block-column is-layout-flow wp-block-column-is-layout-flow\">\n<figure class=\"wp-block-image size-large\"><img decoding=\"async\" src=\"https:\/\/demo.btssiomacon.org\/wordpress\/wp-content\/uploads\/2022\/03\/php.jpg\" alt=\"\"\/><\/figure>\n<\/div>\n\n\n\n<div class=\"wp-block-column is-layout-flow wp-block-column-is-layout-flow\">\n<figure class=\"wp-block-image size-large\"><img decoding=\"async\" src=\"https:\/\/demo.btssiomacon.org\/wordpress\/wp-content\/uploads\/2022\/03\/html.jpg\" alt=\"\"\/><\/figure>\n<\/div>\n<\/div>\n\n\n\n<div class=\"wp-block-columns is-layout-flex wp-container-core-columns-is-layout-9d6595d7 wp-block-columns-is-layout-flex\">\n<div class=\"wp-block-column is-layout-flow wp-block-column-is-layout-flow\">\n<figure class=\"wp-block-image size-large\"><img decoding=\"async\" src=\"https:\/\/demo.btssiomacon.org\/wordpress\/wp-content\/uploads\/2022\/03\/sql.png\" alt=\"\"\/><\/figure>\n<\/div>\n\n\n\n<div class=\"wp-block-column is-layout-flow wp-block-column-is-layout-flow\">\n<figure class=\"wp-block-image size-large\"><img decoding=\"async\" src=\"https:\/\/demo.btssiomacon.org\/wordpress\/wp-content\/uploads\/2022\/03\/python.jpg\" alt=\"\"\/><\/figure>\n<\/div>\n\n\n\n<div class=\"wp-block-column is-layout-flow wp-block-column-is-layout-flow\">\n<figure class=\"wp-block-image size-large\"><img decoding=\"async\" src=\"https:\/\/demo.btssiomacon.org\/wordpress\/wp-content\/uploads\/2022\/03\/css.jpg\" alt=\"\"\/><\/figure>\n<\/div>\n<\/div>\n\n\n\n<div class=\"wp-block-columns is-layout-flex wp-container-core-columns-is-layout-9d6595d7 wp-block-columns-is-layout-flex\">\n<div class=\"wp-block-column is-layout-flow wp-block-column-is-layout-flow\">\n<figure class=\"wp-block-image size-large\"><img decoding=\"async\" src=\"https:\/\/demo.btssiomacon.org\/wordpress\/wp-content\/uploads\/2022\/03\/wordpress.png\" alt=\"\"\/><\/figure>\n<\/div>\n\n\n\n<div class=\"wp-block-column is-layout-flow wp-block-column-is-layout-flow\">\n<figure class=\"wp-block-image size-large\"><img decoding=\"async\" src=\"https:\/\/demo.btssiomacon.org\/wordpress\/wp-content\/uploads\/2022\/03\/javascript.png\" alt=\"\"\/><\/figure>\n<\/div>\n\n\n\n<div class=\"wp-block-column is-layout-flow wp-block-column-is-layout-flow\">\n<figure class=\"wp-block-image size-large\"><img decoding=\"async\" src=\"https:\/\/demo.btssiomacon.org\/wordpress\/wp-content\/uploads\/2022\/03\/javaandroid.jpg\" alt=\"\"\/><\/figure>\n<\/div>\n<\/div>\n","protected":false},"excerpt":{"rendered":"<p>Solutions Logicielles et Applications M\u00e9tiers D\u00e9veloppement de programmes et de sites webConception de solutions logicielles et applicativesD\u00e9veloppement et programmationEv\u00e9nementiel et Objet : C# Microsoft Visual StudioWeb : Html, Css, PHP, Laravel, Bootstrap, JavaScript, \u2026Mobile : Java Android StudioAlgorithmique : PythonGestion de bases de donn\u00e9es : Sql, SqlServer, MySql, AccessCMS : WordPress, Prestashop, \u2026<\/p>\n","protected":false},"author":1,"featured_media":0,"parent":0,"menu_order":0,"comment_status":"closed","ping_status":"closed","template":"","meta":{"footnotes":""},"class_list":["post-49","page","type-page","status-publish","hentry"],"_links":{"self":[{"href":"https:\/\/demo.btssiomacon.org\/wordpress\/wp-json\/wp\/v2\/pages\/49","targetHints":{"allow":["GET"]}}],"collection":[{"href":"https:\/\/demo.btssiomacon.org\/wordpress\/wp-json\/wp\/v2\/pages"}],"about":[{"href":"https:\/\/demo.btssiomacon.org\/wordpress\/wp-json\/wp\/v2\/types\/page"}],"author":[{"embeddable":true,"href":"https:\/\/demo.btssiomacon.org\/wordpress\/wp-json\/wp\/v2\/users\/1"}],"replies":[{"embeddable":true,"href":"https:\/\/demo.btssiomacon.org\/wordpress\/wp-json\/wp\/v2\/comments?post=49"}],"version-history":[{"count":7,"href":"https:\/\/demo.btssiomacon.org\/wordpress\/wp-json\/wp\/v2\/pages\/49\/revisions"}],"predecessor-version":[{"id":103,"href":"https:\/\/demo.btssiomacon.org\/wordpress\/wp-json\/wp\/v2\/pages\/49\/revisions\/103"}],"wp:attachment":[{"href":"https:\/\/demo.btssiomacon.org\/wordpress\/wp-json\/wp\/v2\/media?parent=49"}],"curies":[{"name":"wp","href":"https:\/\/api.w.org\/{rel}","templated":true}]}}