{"id":47,"date":"2022-03-17T10:57:51","date_gmt":"2022-03-17T09:57:51","guid":{"rendered":"https:\/\/www.btssiomacon.org\/wordpress\/?page_id=47"},"modified":"2024-04-12T18:43:52","modified_gmt":"2024-04-12T16:43:52","slug":"sisr","status":"publish","type":"page","link":"https:\/\/demo.btssiomacon.org\/wordpress\/sisr\/","title":{"rendered":"SISR"},"content":{"rendered":"\n<p><strong><mark style=\"background-color:rgba(0, 0, 0, 0)\" class=\"has-inline-color has-accent-color\">Solutions d\u2019Infrastructure, Syst\u00e8mes et R\u00e9seaux<\/mark><\/strong><\/p>\n\n\n\n<p>R\u00e9seaux et s\u00e9curit\u00e9<br>Gestion des parcs informatiques : d\u00e9ploiements de mat\u00e9riels, migrations logicielles, \u2026<br>Administration des r\u00e9seaux<br>Installation et administration des syst\u00e8mes d\u2019exploitation : Serveurs Windows, Linux, \u2026<br>Services r\u00e9seaux : DHCP, DNS, Web, Messagerie, parefeu, proxy, \u2026<br>S\u00e9curisation, Supervision des r\u00e9seaux.<\/p>\n\n\n\n<div class=\"wp-block-columns is-layout-flex wp-container-core-columns-is-layout-9d6595d7 wp-block-columns-is-layout-flex\">\n<div class=\"wp-block-column is-layout-flow wp-block-column-is-layout-flow\">\n<figure class=\"wp-block-image size-large\"><img decoding=\"async\" src=\"https:\/\/demo.btssiomacon.org\/wordpress\/wp-content\/uploads\/2022\/03\/windows.jpg\" alt=\"\"\/><\/figure>\n<\/div>\n\n\n\n<div class=\"wp-block-column is-layout-flow wp-block-column-is-layout-flow\">\n<figure class=\"wp-block-image size-large\"><img decoding=\"async\" src=\"https:\/\/demo.btssiomacon.org\/wordpress\/wp-content\/uploads\/2022\/03\/windowsserver.jpg\" alt=\"\"\/><\/figure>\n<\/div>\n\n\n\n<div class=\"wp-block-column is-layout-flow wp-block-column-is-layout-flow\">\n<figure class=\"wp-block-image size-large\"><img decoding=\"async\" src=\"https:\/\/demo.btssiomacon.org\/wordpress\/wp-content\/uploads\/2022\/03\/tcpip.png\" alt=\"\"\/><\/figure>\n<\/div>\n<\/div>\n\n\n\n<div class=\"wp-block-columns is-layout-flex wp-container-core-columns-is-layout-9d6595d7 wp-block-columns-is-layout-flex\">\n<div class=\"wp-block-column is-layout-flow wp-block-column-is-layout-flow\">\n<figure class=\"wp-block-image size-large\"><img decoding=\"async\" src=\"https:\/\/demo.btssiomacon.org\/wordpress\/wp-content\/uploads\/2022\/03\/linux.jpg\" alt=\"\"\/><\/figure>\n<\/div>\n\n\n\n<div class=\"wp-block-column is-layout-flow wp-block-column-is-layout-flow\">\n<figure class=\"wp-block-image size-large\"><img decoding=\"async\" src=\"https:\/\/demo.btssiomacon.org\/wordpress\/wp-content\/uploads\/2022\/03\/cisco.jpg\" alt=\"\"\/><\/figure>\n<\/div>\n\n\n\n<div class=\"wp-block-column is-layout-flow wp-block-column-is-layout-flow\">\n<figure class=\"wp-block-image size-large\"><img decoding=\"async\" src=\"https:\/\/demo.btssiomacon.org\/wordpress\/wp-content\/uploads\/2022\/03\/apache.png\" alt=\"\"\/><\/figure>\n<\/div>\n<\/div>\n","protected":false},"excerpt":{"rendered":"<p>Solutions d\u2019Infrastructure, Syst\u00e8mes et R\u00e9seaux R\u00e9seaux et s\u00e9curit\u00e9Gestion des parcs informatiques : d\u00e9ploiements de mat\u00e9riels, migrations logicielles, \u2026Administration des r\u00e9seauxInstallation et administration des syst\u00e8mes d\u2019exploitation : Serveurs Windows, Linux, \u2026Services r\u00e9seaux : DHCP, DNS, Web, Messagerie, parefeu, proxy, \u2026S\u00e9curisation, Supervision des r\u00e9seaux.<\/p>\n","protected":false},"author":1,"featured_media":0,"parent":0,"menu_order":0,"comment_status":"closed","ping_status":"closed","template":"","meta":{"footnotes":""},"class_list":["post-47","page","type-page","status-publish","hentry"],"_links":{"self":[{"href":"https:\/\/demo.btssiomacon.org\/wordpress\/wp-json\/wp\/v2\/pages\/47","targetHints":{"allow":["GET"]}}],"collection":[{"href":"https:\/\/demo.btssiomacon.org\/wordpress\/wp-json\/wp\/v2\/pages"}],"about":[{"href":"https:\/\/demo.btssiomacon.org\/wordpress\/wp-json\/wp\/v2\/types\/page"}],"author":[{"embeddable":true,"href":"https:\/\/demo.btssiomacon.org\/wordpress\/wp-json\/wp\/v2\/users\/1"}],"replies":[{"embeddable":true,"href":"https:\/\/demo.btssiomacon.org\/wordpress\/wp-json\/wp\/v2\/comments?post=47"}],"version-history":[{"count":6,"href":"https:\/\/demo.btssiomacon.org\/wordpress\/wp-json\/wp\/v2\/pages\/47\/revisions"}],"predecessor-version":[{"id":98,"href":"https:\/\/demo.btssiomacon.org\/wordpress\/wp-json\/wp\/v2\/pages\/47\/revisions\/98"}],"wp:attachment":[{"href":"https:\/\/demo.btssiomacon.org\/wordpress\/wp-json\/wp\/v2\/media?parent=47"}],"curies":[{"name":"wp","href":"https:\/\/api.w.org\/{rel}","templated":true}]}}